{"id":2748,"date":"2023-01-02T15:01:47","date_gmt":"2023-01-02T14:01:47","guid":{"rendered":"https:\/\/tomroots.com\/?page_id=2748"},"modified":"2023-01-02T15:18:14","modified_gmt":"2023-01-02T14:18:14","slug":"karaoke","status":"publish","type":"page","link":"https:\/\/tomroots.com\/en\/karaoke\/","title":{"rendered":"Karaoke"},"content":{"rendered":"<div class=\"vc_row wpb_row vc_row-fluid\"><div class=\"wpb_column vc_column_container vc_col-sm-12\"><div class=\"vc_column-inner\"><div class=\"wpb_wrapper\">\n\t<div class=\"wpb_text_column wpb_content_element\" >\n\t\t<div class=\"wpb_wrapper\">\n\t\t\t<p style=\"text-align: center;\">Willkommen beim Karaoke mit Tom Roots.<\/p>\n<p style=\"text-align: center;\">Hier finden Sie alle Lieder, welche Sie beim Karaoke singen k\u00f6nnen.<br \/>\nKlicken Sie einfach auf den Button und schon sehen sie den gesamten Katalog mit \u00fcber 50.000 Songs.<br \/>\nOder w\u00e4hlen Sie zwischen den Sprachen aus!<\/p>\n<p style=\"text-align: center;\">Viel Spa\u00df!<\/p>\n\n\t\t<\/div>\n\t<\/div>\n<div class=\"vc_btn3-container vc_btn3-center\" ><a class=\"vc_general vc_btn3 vc_btn3-size-md vc_btn3-shape-rounded vc_btn3-style-classic vc_btn3-icon-left vc_btn3-color-primary\" href=\"https:\/\/tomroots.com\/wp-content\/uploads\/2023\/01\/karafuncatalog_de_all-1.pdf\" title=\"Alle Karaoke Lieder\" target=\"_blank\"><i class=\"vc_btn3-icon fas fa-microphone-alt\"><\/i> Alle Karaoke Lieder<\/a><\/div><\/div><\/div><\/div><\/div><div class=\"vc_row wpb_row vc_row-fluid\"><div class=\"wpb_column vc_column_container vc_col-sm-3\"><div class=\"vc_column-inner\"><div class=\"wpb_wrapper\"><div class=\"vc_btn3-container vc_btn3-center\" ><a class=\"vc_general vc_btn3 vc_btn3-size-md vc_btn3-shape-rounded vc_btn3-style-modern vc_btn3-color-info\" href=\"https:\/\/tomroots.com\/wp-content\/uploads\/2023\/01\/karafuncatalog_de_german.pdf\" title=\"\">Alle Deutschen Lieder<\/a><\/div><\/div><\/div><\/div><div class=\"wpb_column vc_column_container vc_col-sm-3\"><div class=\"vc_column-inner\"><div class=\"wpb_wrapper\"><div class=\"vc_btn3-container vc_btn3-center\" ><a class=\"vc_general vc_btn3 vc_btn3-size-md vc_btn3-shape-rounded vc_btn3-style-modern vc_btn3-color-info\" href=\"https:\/\/tomroots.com\/wp-content\/uploads\/2023\/01\/karafuncatalog_de_english.pdf\" title=\"\">Alle Englischen Lieder<\/a><\/div><\/div><\/div><\/div><div class=\"wpb_column vc_column_container vc_col-sm-3\"><div class=\"vc_column-inner\"><div class=\"wpb_wrapper\"><div class=\"vc_btn3-container vc_btn3-center\" ><a class=\"vc_general vc_btn3 vc_btn3-size-md vc_btn3-shape-rounded vc_btn3-style-modern vc_btn3-color-info\" href=\"https:\/\/tomroots.com\/wp-content\/uploads\/2023\/01\/karafuncatalog_de_dutch.pdf\" title=\"\">Alle Niederl\u00e4ndischen Lieder<\/a><\/div><\/div><\/div><\/div><div class=\"wpb_column vc_column_container vc_col-sm-3\"><div class=\"vc_column-inner\"><div class=\"wpb_wrapper\"><div class=\"vc_btn3-container vc_btn3-center\" ><a class=\"vc_general vc_btn3 vc_btn3-size-md vc_btn3-shape-rounded vc_btn3-style-modern vc_btn3-color-info\" href=\"https:\/\/tomroots.com\/wp-content\/uploads\/2023\/01\/karafuncatalog_de_italian.pdf\" title=\"\">Alle Italienischen Lieder<\/a><\/div><\/div><\/div><\/div><\/div><div class=\"vc_row wpb_row vc_row-fluid\"><div class=\"wpb_column vc_column_container vc_col-sm-4\"><div class=\"vc_column-inner\"><div class=\"wpb_wrapper\"><div class=\"vc_btn3-container vc_btn3-center\" ><a class=\"vc_general vc_btn3 vc_btn3-size-md vc_btn3-shape-rounded vc_btn3-style-modern vc_btn3-color-info\" href=\"https:\/\/tomroots.com\/wp-content\/uploads\/2023\/01\/karafuncatalog_de_french.pdf\" title=\"\">Alle Franz\u00f6sischen Lieder<\/a><\/div><\/div><\/div><\/div><div class=\"wpb_column vc_column_container vc_col-sm-4\"><div class=\"vc_column-inner\"><div class=\"wpb_wrapper\"><div class=\"vc_btn3-container vc_btn3-center\" ><a class=\"vc_general vc_btn3 vc_btn3-size-md vc_btn3-shape-rounded vc_btn3-style-modern vc_btn3-color-info\" href=\"https:\/\/tomroots.com\/wp-content\/uploads\/2023\/01\/karafuncatalog_de_spanish.pdf\" title=\"\">Die 1000 Besten Lieder<\/a><\/div><\/div><\/div><\/div><div class=\"wpb_column vc_column_container vc_col-sm-4\"><div class=\"vc_column-inner\"><div class=\"wpb_wrapper\"><div class=\"vc_btn3-container vc_btn3-center\" ><a class=\"vc_general vc_btn3 vc_btn3-size-md vc_btn3-shape-rounded vc_btn3-style-modern vc_btn3-color-info\" href=\"https:\/\/tomroots.com\/wp-content\/uploads\/2023\/01\/karafuncatalog_de_spanish.pdf\" title=\"\">Alle Spanischen Lieder<\/a><\/div><\/div><\/div><\/div><\/div>","protected":false},"excerpt":{"rendered":"Willkommen beim Karaoke mit Tom Roots. Hier finden Sie alle Lieder, welche Sie beim Karaoke singen k\u00f6nnen. Klicken Sie einfach auf den Button und schon sehen sie den gesamten Katalog mit \u00fcber 50.000 Songs. Oder w\u00e4hlen Sie zwischen den Sprachen...","protected":false},"author":1,"featured_media":0,"parent":0,"menu_order":0,"comment_status":"closed","ping_status":"closed","template":"","meta":{"footnotes":""},"class_list":["post-2748","page","type-page","status-publish","hentry"],"_links":{"self":[{"href":"https:\/\/tomroots.com\/en\/wp-json\/wp\/v2\/pages\/2748","targetHints":{"allow":["GET"]}}],"collection":[{"href":"https:\/\/tomroots.com\/en\/wp-json\/wp\/v2\/pages"}],"about":[{"href":"https:\/\/tomroots.com\/en\/wp-json\/wp\/v2\/types\/page"}],"author":[{"embeddable":true,"href":"https:\/\/tomroots.com\/en\/wp-json\/wp\/v2\/users\/1"}],"replies":[{"embeddable":true,"href":"https:\/\/tomroots.com\/en\/wp-json\/wp\/v2\/comments?post=2748"}],"version-history":[{"count":4,"href":"https:\/\/tomroots.com\/en\/wp-json\/wp\/v2\/pages\/2748\/revisions"}],"predecessor-version":[{"id":2760,"href":"https:\/\/tomroots.com\/en\/wp-json\/wp\/v2\/pages\/2748\/revisions\/2760"}],"wp:attachment":[{"href":"https:\/\/tomroots.com\/en\/wp-json\/wp\/v2\/media?parent=2748"}],"curies":[{"name":"wp","href":"https:\/\/api.w.org\/{rel}","templated":true}]}}